{"id":25,"date":"2024-08-12T07:07:10","date_gmt":"2024-08-12T05:07:10","guid":{"rendered":"https:\/\/www.promoplus.cz\/?page_id=25"},"modified":"2024-08-14T16:40:36","modified_gmt":"2024-08-14T14:40:36","slug":"realizace","status":"publish","type":"page","link":"https:\/\/www.promoplus.cz\/index.php\/realizace\/","title":{"rendered":"Realizace"},"content":{"rendered":"\n<figure class=\"wp-block-image alignfull size-large\"><img loading=\"lazy\" decoding=\"async\" width=\"1024\" height=\"227\" src=\"https:\/\/www.promoplus.cz\/wp-content\/uploads\/2024\/08\/REALIZACE-1024x227.jpg\" alt=\"\" class=\"wp-image-103\" srcset=\"https:\/\/www.promoplus.cz\/wp-content\/uploads\/2024\/08\/REALIZACE-1024x227.jpg 1024w, https:\/\/www.promoplus.cz\/wp-content\/uploads\/2024\/08\/REALIZACE-300x67.jpg 300w, https:\/\/www.promoplus.cz\/wp-content\/uploads\/2024\/08\/REALIZACE-768x170.jpg 768w, https:\/\/www.promoplus.cz\/wp-content\/uploads\/2024\/08\/REALIZACE-1536x341.jpg 1536w, https:\/\/www.promoplus.cz\/wp-content\/uploads\/2024\/08\/REALIZACE-2048x454.jpg 2048w\" sizes=\"auto, (max-width: 1024px) 100vw, 1024px\" \/><\/figure>\n\n\n\n<div style=\"height:20px\" aria-hidden=\"true\" class=\"wp-block-spacer\"><\/div>\n\n\n\n<div class=\"wp-block-columns is-layout-flex wp-container-core-columns-is-layout-9d6595d7 wp-block-columns-is-layout-flex\">\n<div class=\"wp-block-column is-layout-flow wp-block-column-is-layout-flow\" style=\"flex-basis:50%\">\n<div class=\"wp-block-group\"><div class=\"wp-block-group__inner-container is-layout-constrained wp-block-group-is-layout-constrained\">\n<p>Spolupracujeme s&nbsp;firmami:<\/p>\n\n\n\n<ul class=\"wp-block-list\">\n<li>Bosch Powertrain s.r.o.<\/li>\n\n\n\n<li>Robert BOSCH spol. s&nbsp;r.o.<\/li>\n\n\n\n<li>\u010cesk\u00e9 Bud\u011bjovice<\/li>\n\n\n\n<li>MARELLI Automotive Lighting Jihlava ( Czech Republic ) s.r.o.<\/li>\n\n\n\n<li>FRAENKISCHE CZ s.r.o.<\/li>\n\n\n\n<li>MANN+HUMMEL (CZ) v.o.s.<\/li>\n\n\n\n<li>Robert Bosch GmbH Stuttgart<\/li>\n<\/ul>\n\n\n\n<p>a z&nbsp;mnoha dal\u0161\u00edmi podniky a soukromn\u00edky.<\/p>\n\n\n\n<div style=\"height:30px\" aria-hidden=\"true\" class=\"wp-block-spacer\"><\/div>\n\n\n\n<p class=\"has-x-large-font-size\"><strong>reklama v\u0161emi sm\u011bry \u2026.<\/strong><\/p>\n\n\n\n<div style=\"height:83px\" aria-hidden=\"true\" class=\"wp-block-spacer\"><\/div>\n\n\n\n<figure class=\"wp-block-image size-large\"><img loading=\"lazy\" decoding=\"async\" width=\"1024\" height=\"163\" src=\"https:\/\/www.promoplus.cz\/wp-content\/uploads\/2024\/08\/logo_promo_plus-1024x163.jpg\" alt=\"\" class=\"wp-image-11\" srcset=\"https:\/\/www.promoplus.cz\/wp-content\/uploads\/2024\/08\/logo_promo_plus-1024x163.jpg 1024w, https:\/\/www.promoplus.cz\/wp-content\/uploads\/2024\/08\/logo_promo_plus-300x48.jpg 300w, https:\/\/www.promoplus.cz\/wp-content\/uploads\/2024\/08\/logo_promo_plus-768x122.jpg 768w, https:\/\/www.promoplus.cz\/wp-content\/uploads\/2024\/08\/logo_promo_plus.jpg 1407w\" sizes=\"auto, (max-width: 1024px) 100vw, 1024px\" \/><\/figure>\n<\/div><\/div>\n<\/div>\n\n\n\n<div class=\"wp-block-column is-layout-flow wp-block-column-is-layout-flow\" style=\"flex-basis:50%\"><\/div>\n<\/div>\n","protected":false},"excerpt":{"rendered":"<p>Spolupracujeme s&nbsp;firmami: a z&nbsp;mnoha dal\u0161\u00edmi podniky a soukromn\u00edky. reklama v\u0161emi sm\u011bry \u2026.<\/p>\n","protected":false},"author":1,"featured_media":0,"parent":0,"menu_order":0,"comment_status":"closed","ping_status":"closed","template":"","meta":{"footnotes":""},"class_list":["post-25","page","type-page","status-publish","hentry"],"_links":{"self":[{"href":"https:\/\/www.promoplus.cz\/index.php\/wp-json\/wp\/v2\/pages\/25","targetHints":{"allow":["GET"]}}],"collection":[{"href":"https:\/\/www.promoplus.cz\/index.php\/wp-json\/wp\/v2\/pages"}],"about":[{"href":"https:\/\/www.promoplus.cz\/index.php\/wp-json\/wp\/v2\/types\/page"}],"author":[{"embeddable":true,"href":"https:\/\/www.promoplus.cz\/index.php\/wp-json\/wp\/v2\/users\/1"}],"replies":[{"embeddable":true,"href":"https:\/\/www.promoplus.cz\/index.php\/wp-json\/wp\/v2\/comments?post=25"}],"version-history":[{"count":4,"href":"https:\/\/www.promoplus.cz\/index.php\/wp-json\/wp\/v2\/pages\/25\/revisions"}],"predecessor-version":[{"id":108,"href":"https:\/\/www.promoplus.cz\/index.php\/wp-json\/wp\/v2\/pages\/25\/revisions\/108"}],"wp:attachment":[{"href":"https:\/\/www.promoplus.cz\/index.php\/wp-json\/wp\/v2\/media?parent=25"}],"curies":[{"name":"wp","href":"https:\/\/api.w.org\/{rel}","templated":true}]}}