{"id":21,"date":"2024-08-12T07:01:27","date_gmt":"2024-08-12T05:01:27","guid":{"rendered":"https:\/\/www.promoplus.cz\/?page_id=21"},"modified":"2024-08-14T20:58:25","modified_gmt":"2024-08-14T18:58:25","slug":"signmaking","status":"publish","type":"page","link":"https:\/\/www.promoplus.cz\/index.php\/signmaking\/","title":{"rendered":"Signmaking"},"content":{"rendered":"\n<figure class=\"wp-block-image alignfull size-large\"><img loading=\"lazy\" decoding=\"async\" width=\"1024\" height=\"227\" src=\"https:\/\/www.promoplus.cz\/wp-content\/uploads\/2024\/08\/SIGNMAKING-1024x227.jpg\" alt=\"\" class=\"wp-image-95\" srcset=\"https:\/\/www.promoplus.cz\/wp-content\/uploads\/2024\/08\/SIGNMAKING-1024x227.jpg 1024w, https:\/\/www.promoplus.cz\/wp-content\/uploads\/2024\/08\/SIGNMAKING-300x67.jpg 300w, https:\/\/www.promoplus.cz\/wp-content\/uploads\/2024\/08\/SIGNMAKING-768x170.jpg 768w, https:\/\/www.promoplus.cz\/wp-content\/uploads\/2024\/08\/SIGNMAKING-1536x341.jpg 1536w, https:\/\/www.promoplus.cz\/wp-content\/uploads\/2024\/08\/SIGNMAKING-2048x454.jpg 2048w\" sizes=\"auto, (max-width: 1024px) 100vw, 1024px\" \/><\/figure>\n\n\n\n<div class=\"wp-block-columns is-layout-flex wp-container-core-columns-is-layout-9d6595d7 wp-block-columns-is-layout-flex\">\n<div class=\"wp-block-column is-layout-flow wp-block-column-is-layout-flow\" style=\"flex-basis:50%\">\n<div class=\"wp-block-group\"><div class=\"wp-block-group__inner-container is-layout-constrained wp-block-group-is-layout-constrained\">\n<div style=\"height:20px\" aria-hidden=\"true\" class=\"wp-block-spacer\"><\/div>\n\n\n\n<p>\u0158ezan\u00e1 foliov\u00e1 reklama, interierov\u00e1 i exterierov\u00e1 na r\u016fzn\u00e9 druhy materi\u00e1l\u016f.<\/p>\n\n\n\n<p>Firemn\u00ed \u0161t\u00edty, polep automobil\u016f, n\u00e1st\u011bnky, v\u00fdstavnictv\u00ed, r\u00e1mov\u00e1n\u00ed a mnoho dal\u0161\u00edho. Od vizitky k&nbsp;billboard\u016fm.<\/p>\n\n\n\n<div style=\"height:80px\" aria-hidden=\"true\" class=\"wp-block-spacer\"><\/div>\n\n\n\n<p class=\"has-x-large-font-size\"><strong>reklama v\u0161emi sm\u011bry \u2026.<\/strong><\/p>\n\n\n\n<div style=\"height:50px\" aria-hidden=\"true\" class=\"wp-block-spacer\"><\/div>\n\n\n\n<figure class=\"wp-block-image size-large\"><img loading=\"lazy\" decoding=\"async\" width=\"1024\" height=\"163\" src=\"https:\/\/www.promoplus.cz\/wp-content\/uploads\/2024\/08\/logo_promo_plus-1024x163.jpg\" alt=\"\" class=\"wp-image-11\" srcset=\"https:\/\/www.promoplus.cz\/wp-content\/uploads\/2024\/08\/logo_promo_plus-1024x163.jpg 1024w, https:\/\/www.promoplus.cz\/wp-content\/uploads\/2024\/08\/logo_promo_plus-300x48.jpg 300w, https:\/\/www.promoplus.cz\/wp-content\/uploads\/2024\/08\/logo_promo_plus-768x122.jpg 768w, https:\/\/www.promoplus.cz\/wp-content\/uploads\/2024\/08\/logo_promo_plus.jpg 1407w\" sizes=\"auto, (max-width: 1024px) 100vw, 1024px\" \/><\/figure>\n<\/div><\/div>\n<\/div>\n\n\n\n<div class=\"wp-block-column is-layout-flow wp-block-column-is-layout-flow\" style=\"flex-basis:50%\"><\/div>\n<\/div>\n","protected":false},"excerpt":{"rendered":"<p>\u0158ezan\u00e1 foliov\u00e1 reklama, interierov\u00e1 i exterierov\u00e1 na r\u016fzn\u00e9 druhy materi\u00e1l\u016f. Firemn\u00ed \u0161t\u00edty, polep automobil\u016f, n\u00e1st\u011bnky, v\u00fdstavnictv\u00ed, r\u00e1mov\u00e1n\u00ed a mnoho dal\u0161\u00edho. Od vizitky k&nbsp;billboard\u016fm. reklama v\u0161emi sm\u011bry \u2026.<\/p>\n","protected":false},"author":1,"featured_media":0,"parent":0,"menu_order":0,"comment_status":"closed","ping_status":"closed","template":"","meta":{"footnotes":""},"class_list":["post-21","page","type-page","status-publish","hentry"],"_links":{"self":[{"href":"https:\/\/www.promoplus.cz\/index.php\/wp-json\/wp\/v2\/pages\/21","targetHints":{"allow":["GET"]}}],"collection":[{"href":"https:\/\/www.promoplus.cz\/index.php\/wp-json\/wp\/v2\/pages"}],"about":[{"href":"https:\/\/www.promoplus.cz\/index.php\/wp-json\/wp\/v2\/types\/page"}],"author":[{"embeddable":true,"href":"https:\/\/www.promoplus.cz\/index.php\/wp-json\/wp\/v2\/users\/1"}],"replies":[{"embeddable":true,"href":"https:\/\/www.promoplus.cz\/index.php\/wp-json\/wp\/v2\/comments?post=21"}],"version-history":[{"count":4,"href":"https:\/\/www.promoplus.cz\/index.php\/wp-json\/wp\/v2\/pages\/21\/revisions"}],"predecessor-version":[{"id":112,"href":"https:\/\/www.promoplus.cz\/index.php\/wp-json\/wp\/v2\/pages\/21\/revisions\/112"}],"wp:attachment":[{"href":"https:\/\/www.promoplus.cz\/index.php\/wp-json\/wp\/v2\/media?parent=21"}],"curies":[{"name":"wp","href":"https:\/\/api.w.org\/{rel}","templated":true}]}}